{"id":12135,"date":"2016-07-31T01:34:21","date_gmt":"2016-07-31T01:34:21","guid":{"rendered":"http:\/\/digitalk.sk\/mts2018\/home-2\/"},"modified":"2023-09-20T08:03:32","modified_gmt":"2023-09-20T06:03:32","slug":"home-2","status":"publish","type":"page","link":"https:\/\/mts-conference.euke.sk\/en\/","title":{"rendered":"Home"},"content":{"rendered":"<p><div class=\"fusion-fullwidth fullwidth-box nonhundred-percent-fullwidth non-hundred-percent-height-scrolling\"  style='background-color: rgba(252,252,252,0);background-position: left top;background-repeat: no-repeat;padding-top:20px;padding-right:0px;padding-left:0px;'><div class=\"fusion-builder-row fusion-row \"><div  class=\"fusion-layout-column fusion_builder_column fusion_builder_column_1_1  fusion-one-full fusion-column-first fusion-column-last 1_1\"  style='margin-top:0px;margin-bottom:-10px;'>\n\t\t\t\t\t<div class=\"fusion-column-wrapper\" style=\"padding: 0px 0px 0px 0px;background-position:left top;background-repeat:no-repeat;-webkit-background-size:cover;-moz-background-size:cover;-o-background-size:cover;background-size:cover;\"  data-bg-url=\"\">\n\t\t\t\t\t\t<div class=\"fusion-sep-clear\"><\/div><div class=\"fusion-separator fusion-full-width-sep sep-none\" style=\"margin-left: auto;margin-right: auto;margin-top:;margin-bottom:35px;\"><\/div><div class=\"fusion-clearfix\"><\/div>\n\n\t\t\t\t\t<\/div>\n\t\t\t\t<\/div><\/div><\/div><div class=\"fusion-fullwidth fullwidth-box nonhundred-percent-fullwidth non-hundred-percent-height-scrolling fusion-equal-height-columns\"  style='background-color: rgba(255,255,255,0);background-position: left top;background-repeat: no-repeat;padding-top:100px;padding-right:10%;padding-bottom:70px;padding-left:10%;border-top-width:0px;border-bottom-width:0px;border-color:#eae9e9;border-top-style:solid;border-bottom-style:solid;'><div class=\"fusion-builder-row fusion-row \"><div  class=\"fusion-layout-column fusion_builder_column fusion_builder_column_1_1  fusion-one-full fusion-column-first fusion-column-last 1_1\"  style='margin-top:0px;margin-bottom:20px;'>\n\t\t\t\t\t<div class=\"fusion-column-wrapper\" style=\"padding: 0px 0px 0px 0px;background-position:left top;background-repeat:no-repeat;-webkit-background-size:cover;-moz-background-size:cover;-o-background-size:cover;background-size:cover;\"  data-bg-url=\"\">\n\t\t\t\t\t\t<div class=\"fusion-text\"><p>In a dynamic and changing environment, new trends are constantly being created from the point of view of marketing management, trade and business itself. During the last two years, the pandemic played a major role in trends formation. Many of the affected sectors are still experiencing problems, and countries dependent on affected industries are struggling to recover. Thus, the challenge to overcome the economic and social consequences of the COVID-19 pandemic remains relevant.<\/p>\n<p>The comprehensive view of business implies, in addition to economic aspects, a spectrum of social aspects, influences and impacts. It is essential that it reflects the plurality of processes that occur in the enterprise in connection with the various entities that appear in the business process.<\/p>\n<p>The social dimensions of development, as well as the impacts of social responsibility, are manifested within companies in the social, economic, financial and environmental areas. This complexity of social responsibility creates a space to explore and discuss the current state of creating and developing sustainable relationships with all stakeholders: shareholders, investors, employees, customers, suppliers, institutions, future generations and society. Subsequently, social development can be understood as the development of society in accordance with the goals of inclusion, cohesion and responsibility, it can be perceived as a means of eliminating poverty by strengthening processes and institutions that support the creation of social capital assets. In addition to the goals aimed at achieving favorable economic results, it is necessary to simultaneously focus on such strategies and management procedures that are required from the point of view of the goals and values of the company, and which also include the interests of all stakeholders with the aim of improving the quality of life. In this way, it becomes necessary for society as a whole to be interested in increasing social well-being in the context of sustainable development.<\/p>\n<p>On the way to achieving consistent and sustainable growth, businesses and society must reflect on new challenges that appear in the context of a digital society in the form of digital security issues and hybrid threats, or demographic developments and opportunities created by the silver economy, and last but not least, the topic of the sustainable development resonates in society .<\/p>\n<p>The international scientific conference MTS 2023 creates a platform for the exchange of knowledge, ideas, findings, research results and discussion of current challenges and perspectives of social, economic and business development.<\/p>\n<\/div><div class=\"fusion-sep-clear\"><\/div><div class=\"fusion-separator fusion-full-width-sep sep-none\" style=\"margin-left: auto;margin-right: auto;margin-top:20px;\"><\/div><div class=\"fusion-clearfix\"><\/div>\n\n\t\t\t\t\t<\/div>\n\t\t\t\t<\/div><div  class=\"fusion-layout-column fusion_builder_column fusion_builder_column_1_1  fusion-one-full fusion-column-first fusion-column-last 1_1\"  style='margin-top:0px;margin-bottom:20px;'>\n\t\t\t\t\t<div class=\"fusion-column-wrapper\" style=\"padding: 0px 0px 0px 0px;background-position:left top;background-repeat:no-repeat;-webkit-background-size:cover;-moz-background-size:cover;-o-background-size:cover;background-size:cover;\"  data-bg-url=\"\">\n\t\t\t\t\t\t<div class=\"fusion-title title fusion-sep-none fusion-title-size-one\" style=\"margin-top:0px;margin-bottom:30px;\"><h1 class=\"title-heading-left\"><h4 style=\"text-align: center;\"><span style=\"color: #ff0000;\"><strong>Deadlines<\/strong><\/span><\/h4><\/h1><\/div><div class=\"fusion-sep-clear\"><\/div><div class=\"fusion-separator fusion-full-width-sep sep-single sep-solid\" style=\"border-color:#213d65;border-top-width:1px;margin-left: auto;margin-right: auto;margin-top:0px;margin-bottom:35px;\"><\/div><div class=\"fusion-text\"><p style=\"text-align: left;\">Online Application Form Deadline &#8211; <span style=\"color: #ff0000;\"><strong>July 7<\/strong><\/span><strong style=\"color: #ff0000;\">th, <\/strong><strong style=\"color: #ff0000;\">\u00a02023<\/strong><\/p>\n<p>Paper Submission Deadline &#8211; <strong style=\"color: #ff0000;\">July 31st, 2023<\/strong><\/p>\n<p>Acceptance Notification &#8211; <span style=\"color: #ff0000;\"><strong>August 31st<\/strong><\/span><strong style=\"color: #ff0000;\">, <\/strong><strong style=\"color: #ff0000;\">2023<\/strong><\/p>\n<p>Payment Deadline &#8211; <span style=\"color: #ff0000;\"><strong>July 14th, 2023<\/strong><\/span><\/p>\n<\/div><div class=\"fusion-sep-clear\"><\/div><div class=\"fusion-separator fusion-full-width-sep sep-none\" style=\"margin-left: auto;margin-right: auto;margin-top:;margin-bottom:35px;\"><\/div><div class=\"fusion-sep-clear\"><\/div><div class=\"fusion-separator fusion-full-width-sep sep-single sep-solid\" style=\"border-color:#213d65;border-top-width:1px;margin-left: auto;margin-right: auto;margin-top:0px;margin-bottom:35px;\"><\/div><span class=\"fusion-imageframe imageframe-none imageframe-1 hover-type-none\"><\/span><div class=\"fusion-clearfix\"><\/div>\n\n\t\t\t\t\t<\/div>\n\t\t\t\t<\/div><\/div><\/div><div class=\"fusion-fullwidth fullwidth-box nonhundred-percent-fullwidth non-hundred-percent-height-scrolling\"  style='background-color: #f9f9f9;background-position: center center;background-repeat: no-repeat;padding-top:0px;padding-right:0px;padding-bottom:0px;padding-left:0px;'><div class=\"fusion-builder-row fusion-row \"><div  class=\"fusion-layout-column fusion_builder_column fusion_builder_column_1_1  fusion-one-full fusion-column-first fusion-column-last 1_1\"  style='margin-top:0px;margin-bottom:20px;'>\n\t\t\t\t\t<div class=\"fusion-column-wrapper\" style=\"padding: 0px 0px 0px 0px;background-position:left top;background-repeat:no-repeat;-webkit-background-size:cover;-moz-background-size:cover;-o-background-size:cover;background-size:cover;\"  data-bg-url=\"\">\n\t\t\t\t\t\t<div class=\"fusion-sep-clear\"><\/div><div class=\"fusion-separator fusion-full-width-sep sep-none\" style=\"margin-left: auto;margin-right: auto;margin-top:;margin-bottom:35px;\"><\/div><div class=\"fusion-title title fusion-sep-none fusion-title-size-one\" style=\"margin-top:0px;margin-bottom:30px;\"><h1 class=\"title-heading-left\"><h3 style=\"text-align: left;\"><strong>Conference organizers:<\/strong><\/h3><\/h1><\/div><div class=\"fusion-sep-clear\"><\/div><div class=\"fusion-separator sep-single sep-solid\" style=\"border-color:#111010;border-top-width:1px;margin-top:;margin-bottom:35px;width:100%;max-width:100px;\"><\/div><div class=\"fusion-sep-clear\"><\/div><div class=\"fusion-separator fusion-full-width-sep sep-none\" style=\"margin-left: auto;margin-right: auto;margin-top:;margin-bottom:35px;\"><\/div><span class=\"fusion-imageframe imageframe-none imageframe-2 hover-type-none\"><img loading=\"lazy\" decoding=\"async\" src=\"http:\/\/mts-conference.euke.sk\/wp-content\/uploads\/2023\/02\/organiz-1024x244.png\" width=\"1024\" height=\"244\" alt=\"\" title=\"organiz\" class=\"img-responsive wp-image-12811\" srcset=\"https:\/\/mts-conference.euke.sk\/wp-content\/uploads\/2023\/02\/organiz-300x71.png 300w, https:\/\/mts-conference.euke.sk\/wp-content\/uploads\/2023\/02\/organiz-768x183.png 768w, https:\/\/mts-conference.euke.sk\/wp-content\/uploads\/2023\/02\/organiz-1024x244.png 1024w, https:\/\/mts-conference.euke.sk\/wp-content\/uploads\/2023\/02\/organiz.png 1185w\" sizes=\"auto, (max-width: 1024px) 100vw, 1024px\" \/><\/span><div class=\"fusion-sep-clear\"><\/div><div class=\"fusion-separator fusion-full-width-sep sep-none\" style=\"margin-left: auto;margin-right: auto;margin-top:;margin-bottom:35px;\"><\/div><div class=\"fusion-text\"><p><strong>Faculty of Business Economics of the University of Economics in Bratislava with seat in Ko\u0161ice, the Slovak Republic<\/strong> <a href=\"https:\/\/phf.euba.sk\/en\/\">\u00a0https:\/\/phf.euba.sk\/en\/<\/a><\/p>\n<p><strong>Faculty of Arts, University of Presov in Pre\u0161ov, the Slovak Republic<\/strong> <a href=\"https:\/\/www.unipo.sk\/en\/\">https:\/\/www.unipo.sk\/en\/<\/a><\/p>\n<p><strong>State Vocational University of prof. Stanis\u0142aw Tarnowski in Tarnobrzeg, Poland<\/strong> <a href=\"https:\/\/www.puz.tarnobrzeg.pl\/\">https:\/\/www.puz.tarnobrzeg.pl\/<\/a><\/p>\n<p>The conference is held under the auspices of the rector of the University of Economics in Bratislava, prof. Ing. Ferdinand Da\u0148o, PhD., and the dean of the Faculty of Business Economy of the University of Economics in Bratislava with seat in Ko\u0161ice, dr. h. c. prof. RNDr. Michal Tk\u00e1\u010d, CSc.<\/p>\n<\/div><div class=\"fusion-sep-clear\"><\/div><div class=\"fusion-separator fusion-full-width-sep sep-none\" style=\"margin-left: auto;margin-right: auto;margin-top:;margin-bottom:35px;\"><\/div><div class=\"fusion-clearfix\"><\/div>\n\n\t\t\t\t\t<\/div>\n\t\t\t\t<\/div><\/div><\/div><div class=\"fusion-bg-parallax\"  data-bg-align=\"center center\" data-direction=\"up\" data-mute=\"false\" data-opacity=\"100\" data-velocity=\"-0.3\" data-mobile-enabled=\"false\" data-break_parents=\"0\" data-bg-image=\"https:\/\/avada.theme-fusion.com\/finance\/wp-content\/uploads\/sites\/73\/2016\/07\/ready_to_talk_cta_bg.jpg\" data-bg-repeat=\"false\" data-bg-height=\"\" data-bg-width=\"\"><\/div><div class=\"fusion-fullwidth fullwidth-box fusion-parallax-up nonhundred-percent-fullwidth non-hundred-percent-height-scrolling\"  style='background-color: rgba(255,255,255,0);background-image: url(\"https:\/\/avada.theme-fusion.com\/finance\/wp-content\/uploads\/sites\/73\/2016\/07\/ready_to_talk_cta_bg.jpg\");background-position: center center;background-repeat: no-repeat;padding-top:110px;padding-right:0px;padding-bottom:110px;padding-left:0px;border-top-width:0px;border-bottom-width:0px;border-color:#eae9e9;border-top-style:solid;border-bottom-style:solid;-webkit-background-size:cover;-moz-background-size:cover;-o-background-size:cover;background-size:cover;background-attachment:up;'><div class=\"fusion-builder-row fusion-row \"><div  class=\"fusion-layout-column fusion_builder_column fusion_builder_column_1_6  fusion-one-sixth fusion-column-first fusion-no-small-visibility 1_6\"  style='margin-top:0px;margin-bottom:20px;width:13.3333%; margin-right: 4%;'>\n\t\t\t\t\t<div class=\"fusion-column-wrapper\" style=\"padding: 0px 0px 0px 0px;background-position:left top;background-repeat:no-repeat;-webkit-background-size:cover;-moz-background-size:cover;-o-background-size:cover;background-size:cover;\"  data-bg-url=\"\">\n\t\t\t\t\t\t<div class=\"fusion-clearfix\"><\/div>\n\n\t\t\t\t\t<\/div>\n\t\t\t\t<\/div><div  class=\"fusion-layout-column fusion_builder_column fusion_builder_column_2_3  fusion-two-third 2_3\"  style='margin-top:3%;margin-bottom:3%;width:65.3333%; margin-right: 4%;'>\n\t\t\t\t\t<div class=\"fusion-column-wrapper\" style=\"padding: 0px 0px 0px 0px;background-position:left top;background-repeat:no-repeat;-webkit-background-size:cover;-moz-background-size:cover;-o-background-size:cover;background-size:cover;\"  data-bg-url=\"\">\n\t\t\t\t\t\t<div class=\"fusion-text\"><h4 style=\"text-align: center; font-size: 72px; color: #ffffff;\">Invitation to Conference<\/h4>\n<\/div><div class=\"fusion-text\"><h4 style=\"text-align: center;\"><a href=\"http:\/\/mts-conference.euke.sk\/wp-content\/uploads\/2023\/03\/Call-for-Papers_MTS_2023.pdf\"><strong>HERE<\/strong><\/a><\/h4>\n<\/div><div class=\"fusion-clearfix\"><\/div>\n\n\t\t\t\t\t<\/div>\n\t\t\t\t<\/div><div  class=\"fusion-layout-column fusion_builder_column fusion_builder_column_1_6  fusion-one-sixth fusion-column-last fusion-no-small-visibility 1_6\"  style='margin-top:0px;margin-bottom:20px;width:13.3333%'>\n\t\t\t\t\t<div class=\"fusion-column-wrapper\" style=\"padding: 0px 0px 0px 0px;background-position:left top;background-repeat:no-repeat;-webkit-background-size:cover;-moz-background-size:cover;-o-background-size:cover;background-size:cover;\"  data-bg-url=\"\">\n\t\t\t\t\t\t<div class=\"fusion-clearfix\"><\/div>\n\n\t\t\t\t\t<\/div>\n\t\t\t\t<\/div><\/div><\/div><div class=\"fusion-bg-parallax\"  data-bg-align=\"center center\" data-direction=\"up\" data-mute=\"false\" data-opacity=\"100\" data-velocity=\"-0.3\" data-mobile-enabled=\"false\" data-break_parents=\"0\" data-bg-image=\"https:\/\/avada.theme-fusion.com\/finance\/wp-content\/uploads\/sites\/73\/2016\/07\/ready_to_talk_cta_bg.jpg\" data-bg-repeat=\"false\" data-bg-height=\"\" data-bg-width=\"\"><\/div><div class=\"fusion-fullwidth fullwidth-box fusion-parallax-up nonhundred-percent-fullwidth non-hundred-percent-height-scrolling\"  style='background-color: rgba(255,255,255,0);background-image: url(\"https:\/\/avada.theme-fusion.com\/finance\/wp-content\/uploads\/sites\/73\/2016\/07\/ready_to_talk_cta_bg.jpg\");background-position: center center;background-repeat: no-repeat;padding-top:110px;padding-right:0px;padding-bottom:110px;padding-left:0px;border-top-width:0px;border-bottom-width:0px;border-color:#eae9e9;border-top-style:solid;border-bottom-style:solid;-webkit-background-size:cover;-moz-background-size:cover;-o-background-size:cover;background-size:cover;background-attachment:up;'><div class=\"fusion-builder-row fusion-row \"><div  class=\"fusion-layout-column fusion_builder_column fusion_builder_column_1_6  fusion-one-sixth fusion-column-first fusion-no-small-visibility 1_6\"  style='margin-top:0px;margin-bottom:20px;width:13.3333%; margin-right: 4%;'>\n\t\t\t\t\t<div class=\"fusion-column-wrapper\" style=\"padding: 0px 0px 0px 0px;background-position:left top;background-repeat:no-repeat;-webkit-background-size:cover;-moz-background-size:cover;-o-background-size:cover;background-size:cover;\"  data-bg-url=\"\">\n\t\t\t\t\t\t<div class=\"fusion-clearfix\"><\/div>\n\n\t\t\t\t\t<\/div>\n\t\t\t\t<\/div><div  class=\"fusion-layout-column fusion_builder_column fusion_builder_column_2_3  fusion-two-third 2_3\"  style='margin-top:3%;margin-bottom:3%;width:65.3333%; margin-right: 4%;'>\n\t\t\t\t\t<div class=\"fusion-column-wrapper\" style=\"padding: 0px 0px 0px 0px;background-position:left top;background-repeat:no-repeat;-webkit-background-size:cover;-moz-background-size:cover;-o-background-size:cover;background-size:cover;\"  data-bg-url=\"\">\n\t\t\t\t\t\t<div class=\"fusion-sep-clear\"><\/div><div class=\"fusion-separator fusion-full-width-sep sep-none\" style=\"margin-left: auto;margin-right: auto;margin-top:20px;\"><\/div><div class=\"fusion-text\"><h2 style=\"text-align: center; font-size: 72px; color: #ffffff;\">Are you interested?<\/h2>\n<\/div><div class=\"fusion-text\"><h4 style=\"text-align: center; color: #9aa2ac; font-size: 22px;\">Do not hesitate to actively join to the conference, just fulfill<br \/>\n<a href=\"https:\/\/docs.google.com\/forms\/d\/e\/1FAIpQLSctzKVOxsE1pZLinax-cznaK9SV3CB6fiRVE5fH5dZ-18LdGA\/viewform\">THE APPLICATION FORM<\/a><\/h4>\n<\/div><div class=\"fusion-sep-clear\"><\/div><div class=\"fusion-separator fusion-full-width-sep sep-none\" style=\"margin-left: auto;margin-right: auto;margin-top:20px;\"><\/div><div class=\"fusion-clearfix\"><\/div>\n\n\t\t\t\t\t<\/div>\n\t\t\t\t<\/div><div  class=\"fusion-layout-column fusion_builder_column fusion_builder_column_1_6  fusion-one-sixth fusion-column-last fusion-no-small-visibility 1_6\"  style='margin-top:0px;margin-bottom:20px;width:13.3333%'>\n\t\t\t\t\t<div class=\"fusion-column-wrapper\" style=\"padding: 0px 0px 0px 0px;background-position:left top;background-repeat:no-repeat;-webkit-background-size:cover;-moz-background-size:cover;-o-background-size:cover;background-size:cover;\"  data-bg-url=\"\">\n\t\t\t\t\t\t<div class=\"fusion-clearfix\"><\/div>\n\n\t\t\t\t\t<\/div>\n\t\t\t\t<\/div><\/div><\/div><\/p>\n","protected":false},"excerpt":{"rendered":"","protected":false},"author":1,"featured_media":0,"parent":0,"menu_order":0,"comment_status":"closed","ping_status":"open","template":"","meta":{"footnotes":""},"class_list":["post-12135","page","type-page","status-publish","hentry"],"_links":{"self":[{"href":"https:\/\/mts-conference.euke.sk\/en\/wp-json\/wp\/v2\/pages\/12135","targetHints":{"allow":["GET"]}}],"collection":[{"href":"https:\/\/mts-conference.euke.sk\/en\/wp-json\/wp\/v2\/pages"}],"about":[{"href":"https:\/\/mts-conference.euke.sk\/en\/wp-json\/wp\/v2\/types\/page"}],"author":[{"embeddable":true,"href":"https:\/\/mts-conference.euke.sk\/en\/wp-json\/wp\/v2\/users\/1"}],"replies":[{"embeddable":true,"href":"https:\/\/mts-conference.euke.sk\/en\/wp-json\/wp\/v2\/comments?post=12135"}],"version-history":[{"count":7,"href":"https:\/\/mts-conference.euke.sk\/en\/wp-json\/wp\/v2\/pages\/12135\/revisions"}],"predecessor-version":[{"id":13082,"href":"https:\/\/mts-conference.euke.sk\/en\/wp-json\/wp\/v2\/pages\/12135\/revisions\/13082"}],"wp:attachment":[{"href":"https:\/\/mts-conference.euke.sk\/en\/wp-json\/wp\/v2\/media?parent=12135"}],"curies":[{"name":"wp","href":"https:\/\/api.w.org\/{rel}","templated":true}]}}