{"id":12249,"date":"2018-02-26T10:15:10","date_gmt":"2018-02-26T09:15:10","guid":{"rendered":"http:\/\/digitalk.sk\/mts2018\/vybory-konferencie\/"},"modified":"2023-09-18T13:30:17","modified_gmt":"2023-09-18T11:30:17","slug":"committees","status":"publish","type":"page","link":"https:\/\/mts-conference.euke.sk\/en\/committees\/","title":{"rendered":"Committees"},"content":{"rendered":"<div class=\"fusion-fullwidth fullwidth-box nonhundred-percent-fullwidth non-hundred-percent-height-scrolling\"  style='background-color: rgba(255,255,255,0);background-position: center center;background-repeat: no-repeat;padding-top:0px;padding-right:0px;padding-bottom:0px;padding-left:0px;'><div class=\"fusion-builder-row fusion-row \"><div  class=\"fusion-layout-column fusion_builder_column fusion_builder_column_5_6  fusion-five-sixth fusion-column-first 5_6\"  style='margin-top:0px;margin-bottom:20px;width:82.6666%; margin-right: 4%;'>\n\t\t\t\t\t<div class=\"fusion-column-wrapper\" style=\"padding: 0px 0px 0px 0px;background-position:left top;background-repeat:no-repeat;-webkit-background-size:cover;-moz-background-size:cover;-o-background-size:cover;background-size:cover;\"  data-bg-url=\"\">\n\t\t\t\t\t\t<div class=\"fusion-text\"><h3 style=\"text-align: left;\"><strong>International Scientific Committee<\/strong><\/h3>\n<\/div><div class=\"fusion-text\"><p><strong>\u00a0prof. Ing. Bohuslava MIHAL\u010cOV\u00c1, PhD. &amp; PhD., EUR ING. \u2013 Chairman, University of Economics in Bratislava, SK<\/strong><\/p>\n<ul>\n<li>prof. Ing. Ferdinand DA\u0147O, PhD. \u2013 Rector of the University of Economics in Bratislava, SK<\/li>\n<li>Dr. h. c. prof. RNDr. Michal TK\u00c1\u010c, CSc. &#8211; Dean of the Faculty of Business Economy of the University of Economics in Bratislava with seat in Ko\u0161ice, SK<\/li>\n<li>prof. PhDr. Be\u00e1ta BALOGOV\u00c1, PhD., MBA &#8211; Dean of the Faculty of Arts, University of Pre\u0161ov, SK<\/li>\n<li>prof. zw. dr hab. S\u0142awomir M. MAZUR \u2013 Dean of the Faculty of Security Studies, Andrzej Frycz Modrzewski Krakow University, PL<\/li>\n<li>dr in\u017c. Aleksander KASPRZYK \u2013 Dean of the Faculty of Technical and Economic Sciences, State Vocational University of prof. Stanis\u0142aw Tarnowski in Tarnobrzeg, PL<\/li>\n<li>prof. Ing. \u0160tefan SL\u00c1VIK, PhD. \u2013 University of Economics in Bratislava, SK<\/li>\n<li>prof. Ing. Anton\u00edn KORAU\u0160, PhD., LL.M., MBA \u2013 Academy of the Police Force in Bratislava, SK<\/li>\n<li>doc. Ing. Em\u00edlia DU\u013dOV\u00c1 SPI\u0160\u00c1KOV\u00c1, PhD. &#8211; University of Economics in Bratislava, SK<\/li>\n<li>doc. Ing. Mgr. Jakub PROCH\u00c1ZKA, Ph.D. \u2013 Masaryk University in Brno, CZ<\/li>\n<li>prof. Ing. Vanda LIESKOVSK\u00c1, PhD. &#8211; University of Economics in Bratislava, SK<\/li>\n<li>Prof. Auxiliar Paulo RESENDE DA SILVA &#8211; University of\u00a0 \u00c9vora, PT<\/li>\n<li>Prof. Auxiliar Leonor VACAS CARVALHO &#8211; University of\u00a0 \u00c9vora, PT<\/li>\n<\/ul>\n<\/div><div class=\"fusion-sep-clear\"><\/div><div class=\"fusion-separator fusion-full-width-sep sep-none\" style=\"margin-left: auto;margin-right: auto;margin-top:20px;\"><\/div><div class=\"fusion-clearfix\"><\/div>\n\n\t\t\t\t\t<\/div>\n\t\t\t\t<\/div><div  class=\"fusion-layout-column fusion_builder_column fusion_builder_column_5_6  fusion-five-sixth fusion-column-last 5_6\"  style='margin-top:0px;margin-bottom:20px;'>\n\t\t\t\t\t<div class=\"fusion-column-wrapper\" style=\"padding: 0px 0px 0px 0px;background-position:left top;background-repeat:no-repeat;-webkit-background-size:cover;-moz-background-size:cover;-o-background-size:cover;background-size:cover;\"  data-bg-url=\"\">\n\t\t\t\t\t\t<div class=\"fusion-text\"><h3 style=\"text-align: left;\"><strong>Program Committee<\/strong><\/h3>\n<\/div><div class=\"fusion-text\"><p><strong>doc. Ing. Barbora GONTKOVI\u010cOV\u00c1, PhD.\u2013 Chairman, University of Economics in Bratislava, SK<br \/>\n<\/strong><strong>Ing. Magdal\u00e9na FRE\u0147\u00c1KOV\u00c1, PhD. \u2013 Vice-Chairman, University of Economics in Bratislava, SK<\/strong><\/p>\n<ul>\n<li>doc. Ing. Bc. Petr SUCH\u00c1NEK, Ph.D. &#8211; Masaryk University in Brno, CZ<\/li>\n<li>dr Magdalena MACIASZCZYK &#8211; Faculty of Management at the Lublin University of Technology, PL<\/li>\n<li>doc. Ing. Jozef\u00edna HVASTOV\u00c1, PhD. \u2013 University of Economics in Bratislava, SK<\/li>\n<li>doc. PhDr. M\u00e1ria Ria JANO\u0160KOV\u00c1, PhD. \u2013 University of Economics in Bratislava, SK<\/li>\n<li>doc. Ing. Martin MIZLA, PhD. \u2013 University of Economics in Bratislava, SK<\/li>\n<li>Ing. Peter GALLO, PhD. &#8211; University of Pre\u0161ov, SK<\/li>\n<li>Ing. Katar\u00edna PETROV\u010c\u00cdKOV\u00c1, PhD. \u2013 University of Economics in Bratislava, SK<\/li>\n<li>Ing. Zuzana KUDLOV\u00c1, PhD. \u2013 University of Economics in Bratislava, SK<\/li>\n<li>Ing. Janka KOP\u010c\u00c1KOV\u00c1, PhD. \u2013 University of Economics in Bratislava, SK<\/li>\n<\/ul>\n<\/div><div class=\"fusion-sep-clear\"><\/div><div class=\"fusion-separator fusion-full-width-sep sep-none\" style=\"margin-left: auto;margin-right: auto;margin-top:20px;\"><\/div><div class=\"fusion-text\"><h3 style=\"text-align: left;\"><strong>Organizing Committee<\/strong><\/h3>\n<\/div><div class=\"fusion-text\"><p><strong>Ing. Jozef Luk\u00e1\u010d, PhD. \u2013 Chairman, University of Economics in Bratislava, SK<br \/>\n<\/strong><strong>doc. Ing. Cec\u00edlia OLEXOV\u00c1, PhD. \u2013 Vice-Chairman, University of Economics in Bratislava, SK<\/strong><\/p>\n<ul>\n<li>prof. Ing. Michal PRU\u017dINSK\u00dd, CSc. \u2013 Ekonomick\u00e1 univerzita v Bratislave, SK<\/li>\n<li>Ing. Mariana IVANI\u010cKOV\u00c1, PhD., MBA \u2013 University of Economics in Bratislava, SK<\/li>\n<li>Ing. Jaroslav DUGAS, PhD. \u2013 University of Economics in Bratislava, SK<\/li>\n<li>prof. h. c. Ing. Martin BOS\u00c1K, PhD., Ing. Paed. IGIP \u2013 University of Economics in Bratislava, SK<\/li>\n<li>Ing. Lenka KUHNOV\u00c1, PhD., MBA \u2013 University of Economics in Bratislava, SK<\/li>\n<li>Ing. Klaudia B\u017dANOV\u00c1 \u2013 University of Economics in Bratislava, SK<\/li>\n<li>Ing. Miroslava BARK\u00d3CIOV\u00c1 \u2013 University of Economics in Bratislava, SK<\/li>\n<\/ul>\n<\/div><div class=\"fusion-clearfix\"><\/div>\n\n\t\t\t\t\t<\/div>\n\t\t\t\t<\/div><div  class=\"fusion-layout-column fusion_builder_column fusion_builder_column_5_6  fusion-five-sixth fusion-column-first 5_6\"  style='margin-top:0px;margin-bottom:20px;width:83.33%;width:calc(83.33% - ( ( 4% ) * 0.8333 ) );margin-right: 4%;'>\n\t\t\t\t\t<div class=\"fusion-column-wrapper\" style=\"padding: 0px 0px 0px 0px;background-position:left top;background-repeat:no-repeat;-webkit-background-size:cover;-moz-background-size:cover;-o-background-size:cover;background-size:cover;\"  data-bg-url=\"\">\n\t\t\t\t\t\t<div class=\"fusion-sep-clear\"><\/div><div class=\"fusion-separator fusion-full-width-sep sep-none\" style=\"margin-left: auto;margin-right: auto;margin-top:20px;\"><\/div><div class=\"fusion-clearfix\"><\/div>\n\n\t\t\t\t\t<\/div>\n\t\t\t\t<\/div><\/div><\/div>\n","protected":false},"excerpt":{"rendered":"","protected":false},"author":1,"featured_media":0,"parent":0,"menu_order":0,"comment_status":"closed","ping_status":"closed","template":"","meta":{"footnotes":""},"class_list":["post-12249","page","type-page","status-publish","hentry"],"_links":{"self":[{"href":"https:\/\/mts-conference.euke.sk\/en\/wp-json\/wp\/v2\/pages\/12249","targetHints":{"allow":["GET"]}}],"collection":[{"href":"https:\/\/mts-conference.euke.sk\/en\/wp-json\/wp\/v2\/pages"}],"about":[{"href":"https:\/\/mts-conference.euke.sk\/en\/wp-json\/wp\/v2\/types\/page"}],"author":[{"embeddable":true,"href":"https:\/\/mts-conference.euke.sk\/en\/wp-json\/wp\/v2\/users\/1"}],"replies":[{"embeddable":true,"href":"https:\/\/mts-conference.euke.sk\/en\/wp-json\/wp\/v2\/comments?post=12249"}],"version-history":[{"count":2,"href":"https:\/\/mts-conference.euke.sk\/en\/wp-json\/wp\/v2\/pages\/12249\/revisions"}],"predecessor-version":[{"id":12252,"href":"https:\/\/mts-conference.euke.sk\/en\/wp-json\/wp\/v2\/pages\/12249\/revisions\/12252"}],"wp:attachment":[{"href":"https:\/\/mts-conference.euke.sk\/en\/wp-json\/wp\/v2\/media?parent=12249"}],"curies":[{"name":"wp","href":"https:\/\/api.w.org\/{rel}","templated":true}]}}